{"id":5819,"date":"2022-06-06T09:56:06","date_gmt":"2022-06-06T07:56:06","guid":{"rendered":"https:\/\/www.sempioneboutiquehotel.it\/?page_id=5819"},"modified":"2025-06-18T17:44:39","modified_gmt":"2025-06-18T15:44:39","slug":"territorio-hotel-sempione-stresa-2","status":"publish","type":"page","link":"https:\/\/www.sempioneboutiquehotel.it\/fr\/territorio-hotel-sempione-stresa-2\/","title":{"rendered":"Notre Territoire"},"content":{"rendered":"<div data-elementor-type=\"wp-page\" data-elementor-id=\"5819\" class=\"elementor elementor-5819\">\n\t\t\t\t\t\t<section class=\"elementor-section elementor-top-section elementor-element elementor-element-8f5bb9d elementor-section-boxed elementor-section-gap-beside-yes elementor-section-height-default elementor-section-height-default elementor-section-column-vertical-align-stretch\" data-id=\"8f5bb9d\" data-element_type=\"section\">\n\t\t\t\t\t\t<div class=\"elementor-container elementor-column-gap-extended\">\n\t\t\t\t\t<div class=\"elementor-column elementor-col-100 elementor-top-column elementor-element elementor-element-7ec4215\" data-id=\"7ec4215\" data-element_type=\"column\">\n\t\t\t<div class=\"elementor-widget-wrap elementor-element-populated\">\n\t\t\t\t\t\t<div class=\"elementor-element elementor-element-edd9d03 elementor-widget__width-initial elementor-invisible elementor-widget elementor-widget-text-editor\" data-id=\"edd9d03\" data-element_type=\"widget\" data-settings=\"{&quot;_animation&quot;:&quot;nussFadeInUp&quot;}\" data-widget_type=\"text-editor.default\">\n\t\t\t\t<div class=\"elementor-widget-container\">\n\t\t\t\t\t\t\t\t\t<h4>PROFITER DE LA BEAUT\u00c9<\/h4>\t\t\t\t\t\t\t\t<\/div>\n\t\t\t\t<\/div>\n\t\t\t\t\t<\/div>\n\t\t<\/div>\n\t\t\t\t\t<\/div>\n\t\t<\/section>\n\t\t\t\t<section class=\"elementor-section elementor-top-section elementor-element elementor-element-fcc2c5b elementor-section-boxed elementor-section-gap-beside-yes elementor-section-height-default elementor-section-height-default elementor-section-column-vertical-align-stretch\" data-id=\"fcc2c5b\" data-element_type=\"section\">\n\t\t\t\t\t\t<div class=\"elementor-container elementor-column-gap-extended\">\n\t\t\t\t\t<div class=\"elementor-column elementor-col-100 elementor-top-column elementor-element elementor-element-2f7d653\" data-id=\"2f7d653\" data-element_type=\"column\">\n\t\t\t<div class=\"elementor-widget-wrap elementor-element-populated\">\n\t\t\t\t\t\t<div class=\"elementor-element elementor-element-1b172b9 elementor-invisible elementor-widget elementor-widget-heading\" data-id=\"1b172b9\" data-element_type=\"widget\" data-settings=\"{&quot;_animation&quot;:&quot;nussFadeInUp&quot;}\" data-widget_type=\"heading.default\">\n\t\t\t\t<div class=\"elementor-widget-container\">\n\t\t\t\t\t<h3 class=\"elementor-heading-title elementor-size-default\">Stresa<\/h3>\t\t\t\t<\/div>\n\t\t\t\t<\/div>\n\t\t\t\t<div class=\"elementor-element elementor-element-f2402d7 elementor-invisible elementor-widget elementor-widget-text-editor\" data-id=\"f2402d7\" data-element_type=\"widget\" data-settings=\"{&quot;_animation&quot;:&quot;nussFadeInUp&quot;}\" data-widget_type=\"text-editor.default\">\n\t\t\t\t<div class=\"elementor-widget-container\">\n\t\t\t\t\t\t\t\t\t<h5>Connue comme la perle du lac Majeur.<\/h5>\t\t\t\t\t\t\t\t<\/div>\n\t\t\t\t<\/div>\n\t\t\t\t<section class=\"elementor-section elementor-inner-section elementor-element elementor-element-6f6d8ba elementor-section-boxed elementor-section-gap-beside-yes elementor-section-height-default elementor-section-height-default elementor-section-column-vertical-align-stretch\" data-id=\"6f6d8ba\" data-element_type=\"section\">\n\t\t\t\t\t\t<div class=\"elementor-container elementor-column-gap-extended\">\n\t\t\t\t\t<div class=\"elementor-column elementor-col-50 elementor-inner-column elementor-element elementor-element-0878be6\" data-id=\"0878be6\" data-element_type=\"column\">\n\t\t\t<div class=\"elementor-widget-wrap elementor-element-populated\">\n\t\t\t\t\t\t<div class=\"elementor-element elementor-element-d77b752 elementor-invisible elementor-widget elementor-widget-nuss-heading\" data-id=\"d77b752\" data-element_type=\"widget\" data-settings=\"{&quot;_animation&quot;:&quot;nussFadeInUp&quot;}\" data-widget_type=\"nuss-heading.default\">\n\t\t\t\t<div class=\"elementor-widget-container\">\n\t\t\t\t\t\t\t<div class=\"nuss-modern-heading\">\r\n\t\t\t\r\n\t\t\t\t\t\t<div class=\"heading-primary-wrap\">\r\n\t\t\t\t<h4 class=\"heading-primary elementor-heading-title\">D\u00c9COUVRIR<\/h4>\t\t\t<\/div>\r\n\t\t\r\n\t\t\t\t\t\t<div class=\"heading-divider-wrap\">\r\n\t\t\t\t<div class=\"heading-divider\" style=\"left: 0px;top: 6px\"><\/div>\r\n\t\t\t<\/div>\r\n\t\r\n\t\t\t\t\t<\/div>\r\n\t\t\t\t\t<\/div>\n\t\t\t\t<\/div>\n\t\t\t\t<div class=\"elementor-element elementor-element-42014f7 elementor-invisible elementor-widget elementor-widget-heading\" data-id=\"42014f7\" data-element_type=\"widget\" data-settings=\"{&quot;_animation&quot;:&quot;nussFadeInUp&quot;}\" data-widget_type=\"heading.default\">\n\t\t\t\t<div class=\"elementor-widget-container\">\n\t\t\t\t\t<h3 class=\"elementor-heading-title elementor-size-default\">Le lac.<\/h3>\t\t\t\t<\/div>\n\t\t\t\t<\/div>\n\t\t\t\t<div class=\"elementor-element elementor-element-2ba7908 elementor-invisible elementor-widget elementor-widget-text-editor\" data-id=\"2ba7908\" data-element_type=\"widget\" data-settings=\"{&quot;_animation&quot;:&quot;nussFadeInUp&quot;}\" data-widget_type=\"text-editor.default\">\n\t\t\t\t<div class=\"elementor-widget-container\">\n\t\t\t\t\t\t\t\t\t<h5>Le lac Majeur, le deuxi\u00e8me plus grand bassin d\u2019Italie, offre un choix infini de lieux et d\u2019exp\u00e9riences\u00a0: des villages qui d\u00e9corent ses rives, aux jardins qui le colorent, aux ch\u00e2teaux qui racontent son histoire, aux gens qui maintiennent encore les traditions vivantes.<\/h5>\t\t\t\t\t\t\t\t<\/div>\n\t\t\t\t<\/div>\n\t\t\t\t\t<\/div>\n\t\t<\/div>\n\t\t\t\t<div class=\"elementor-column elementor-col-50 elementor-inner-column elementor-element elementor-element-6f3f021\" data-id=\"6f3f021\" data-element_type=\"column\">\n\t\t\t<div class=\"elementor-widget-wrap elementor-element-populated\">\n\t\t\t\t\t\t<div class=\"elementor-element elementor-element-63d8463 elementor-invisible nuss-elementor-loading nuss-slide-in-left elementor-widget elementor-widget-image\" data-id=\"63d8463\" data-element_type=\"widget\" data-settings=\"{&quot;_animation&quot;:&quot;nussSlideInLeft&quot;}\" data-widget_type=\"image.default\">\n\t\t\t\t<div class=\"elementor-widget-container\">\n\t\t\t\t\t\t\t\t\t\t\t\t\t\t\t<img fetchpriority=\"high\" decoding=\"async\" width=\"1404\" height=\"936\" src=\"https:\/\/www.sempioneboutiquehotel.it\/wp-content\/uploads\/2022\/03\/shutterstock_1924100369.jpg\" class=\"attachment-full size-full wp-image-5490\" alt=\"\" srcset=\"https:\/\/www.sempioneboutiquehotel.it\/wp-content\/uploads\/2022\/03\/shutterstock_1924100369.jpg 1404w, https:\/\/www.sempioneboutiquehotel.it\/wp-content\/uploads\/2022\/03\/shutterstock_1924100369-300x200.jpg 300w, https:\/\/www.sempioneboutiquehotel.it\/wp-content\/uploads\/2022\/03\/shutterstock_1924100369-1024x683.jpg 1024w, https:\/\/www.sempioneboutiquehotel.it\/wp-content\/uploads\/2022\/03\/shutterstock_1924100369-768x512.jpg 768w, https:\/\/www.sempioneboutiquehotel.it\/wp-content\/uploads\/2022\/03\/shutterstock_1924100369-600x400.jpg 600w\" sizes=\"(max-width: 1404px) 100vw, 1404px\" \/>\t\t\t\t\t\t\t\t\t\t\t\t\t\t\t<\/div>\n\t\t\t\t<\/div>\n\t\t\t\t\t<\/div>\n\t\t<\/div>\n\t\t\t\t\t<\/div>\n\t\t<\/section>\n\t\t\t\t<section class=\"elementor-section elementor-inner-section elementor-element elementor-element-0ad233f elementor-section-boxed elementor-section-gap-beside-yes elementor-section-height-default elementor-section-height-default elementor-section-column-vertical-align-stretch\" data-id=\"0ad233f\" data-element_type=\"section\">\n\t\t\t\t\t\t<div class=\"elementor-container elementor-column-gap-extended\">\n\t\t\t\t\t<div class=\"elementor-column elementor-col-50 elementor-inner-column elementor-element elementor-element-2cde083\" data-id=\"2cde083\" data-element_type=\"column\">\n\t\t\t<div class=\"elementor-widget-wrap elementor-element-populated\">\n\t\t\t\t\t\t<div class=\"elementor-element elementor-element-4fb6142 elementor-widget elementor-widget-image\" data-id=\"4fb6142\" data-element_type=\"widget\" data-widget_type=\"image.default\">\n\t\t\t\t<div class=\"elementor-widget-container\">\n\t\t\t\t\t\t\t\t\t\t\t\t\t\t\t<img decoding=\"async\" width=\"1024\" height=\"647\" src=\"https:\/\/www.sempioneboutiquehotel.it\/wp-content\/uploads\/2022\/04\/isola-bella-lago-maggiore-piemonte-1024x647.jpg\" class=\"attachment-large size-large wp-image-5589\" alt=\"\" srcset=\"https:\/\/www.sempioneboutiquehotel.it\/wp-content\/uploads\/2022\/04\/isola-bella-lago-maggiore-piemonte-1024x647.jpg 1024w, https:\/\/www.sempioneboutiquehotel.it\/wp-content\/uploads\/2022\/04\/isola-bella-lago-maggiore-piemonte-300x190.jpg 300w, https:\/\/www.sempioneboutiquehotel.it\/wp-content\/uploads\/2022\/04\/isola-bella-lago-maggiore-piemonte-768x485.jpg 768w, https:\/\/www.sempioneboutiquehotel.it\/wp-content\/uploads\/2022\/04\/isola-bella-lago-maggiore-piemonte-600x379.jpg 600w, https:\/\/www.sempioneboutiquehotel.it\/wp-content\/uploads\/2022\/04\/isola-bella-lago-maggiore-piemonte.jpg 1200w\" sizes=\"(max-width: 1024px) 100vw, 1024px\" \/>\t\t\t\t\t\t\t\t\t\t\t\t\t\t\t<\/div>\n\t\t\t\t<\/div>\n\t\t\t\t\t<\/div>\n\t\t<\/div>\n\t\t\t\t<div class=\"elementor-column elementor-col-50 elementor-inner-column elementor-element elementor-element-ccbc7cc\" data-id=\"ccbc7cc\" data-element_type=\"column\">\n\t\t\t<div class=\"elementor-widget-wrap elementor-element-populated\">\n\t\t\t\t\t\t<div class=\"elementor-element elementor-element-a38a544 elementor-invisible elementor-widget elementor-widget-nuss-heading\" data-id=\"a38a544\" data-element_type=\"widget\" data-settings=\"{&quot;_animation&quot;:&quot;nussFadeInUp&quot;}\" data-widget_type=\"nuss-heading.default\">\n\t\t\t\t<div class=\"elementor-widget-container\">\n\t\t\t\t\t\t\t<div class=\"nuss-modern-heading\">\r\n\t\t\t\r\n\t\t\t\t\t\t<div class=\"heading-primary-wrap\">\r\n\t\t\t\t<h4 class=\"heading-primary elementor-heading-title\">D\u00c9COUVRIR<\/h4>\t\t\t<\/div>\r\n\t\t\r\n\t\t\t\t\t\t<div class=\"heading-divider-wrap\">\r\n\t\t\t\t<div class=\"heading-divider\" style=\"left: 0px;top: 6px\"><\/div>\r\n\t\t\t<\/div>\r\n\t\r\n\t\t\t\t\t<\/div>\r\n\t\t\t\t\t<\/div>\n\t\t\t\t<\/div>\n\t\t\t\t<div class=\"elementor-element elementor-element-377ec23 elementor-invisible elementor-widget elementor-widget-heading\" data-id=\"377ec23\" data-element_type=\"widget\" data-settings=\"{&quot;_animation&quot;:&quot;nussFadeInUp&quot;}\" data-widget_type=\"heading.default\">\n\t\t\t\t<div class=\"elementor-widget-container\">\n\t\t\t\t\t<h3 class=\"elementor-heading-title elementor-size-default\">La nature autour.<\/h3>\t\t\t\t<\/div>\n\t\t\t\t<\/div>\n\t\t\t\t<div class=\"elementor-element elementor-element-9956e21 elementor-invisible elementor-widget elementor-widget-text-editor\" data-id=\"9956e21\" data-element_type=\"widget\" data-settings=\"{&quot;_animation&quot;:&quot;nussFadeInUp&quot;}\" data-widget_type=\"text-editor.default\">\n\t\t\t\t<div class=\"elementor-widget-container\">\n\t\t\t\t\t\t\t\t\t<h5>L\u2019arri\u00e8re-pays, fait de pentes douces et de pics escarp\u00e9s, se laisse d\u00e9couvrir lentement mais avec le m\u00eame enthousiasme que celui avec lequel on lit un livre d\u2019aventure. L\u2019histoire, la culture et la tradition se d\u00e9couvrent \u00e0 travers la diversit\u00e9 de la nature dans laquelle elles sont immerg\u00e9es. Il existe de nombreuses activit\u00e9s sportives et attractions qui vous permettront d\u2019entrer en contact avec le paysage et la nature.<\/h5>\t\t\t\t\t\t\t\t<\/div>\n\t\t\t\t<\/div>\n\t\t\t\t\t<\/div>\n\t\t<\/div>\n\t\t\t\t\t<\/div>\n\t\t<\/section>\n\t\t\t\t<div class=\"elementor-element elementor-element-d38f699 elementor-align-center elementor-widget elementor-widget-nuss-button\" data-id=\"d38f699\" data-element_type=\"widget\" data-widget_type=\"nuss-button.default\">\n\t\t\t\t<div class=\"elementor-widget-container\">\n\t\t\t\t\t\t\t<div class=\"nuss-ele-button-wrapper\">\r\n\t\t\t<a href=\"https:\/\/www.sempioneboutiquehotel.it\/fr\/?page_id=4406\" class=\"nuss-ele-button-link nuss-ele-button style-border nuss-ele-button-nm\" role=\"button\">\r\n\t\t\t\t\t\t<div class=\"button-content-wrapper\">\r\n\t\t\t\r\n\t\t\t\t\t\t\t<span class=\"button-text\">D\u00c9COUVRIR NOS CHAMBRES<\/span>\r\n\t\t\t\r\n\t\t\t\t\t<\/div>\r\n\t\t\r\n\t\t\t\t\t\t\t<\/a>\r\n\t\t<\/div>\r\n\t\t\t\t\t\t<\/div>\n\t\t\t\t<\/div>\n\t\t\t\t\t<\/div>\n\t\t<\/div>\n\t\t\t\t\t<\/div>\n\t\t<\/section>\n\t\t\t\t<\/div>","protected":false},"excerpt":{"rendered":"<p>VIVI LA BELLEZZA Stresa conosciuta come la perla del lago Maggiore, SCOPRI Il lago. Il lago Maggiore, secondo bacino pi\u00f9 grande d\u2019Italia, offre un\u2019infinita scelta di luoghi ed esperienze: dai borghi che ne decorano le sponde, ai giardini che lo colorano, ai castelli che ne raccontano la storia, alle genti che ancora ne mantengono vive [&hellip;]<\/p>","protected":false},"author":1,"featured_media":0,"parent":0,"menu_order":0,"comment_status":"closed","ping_status":"closed","template":"elementor_header_footer","meta":{"footnotes":""},"class_list":["post-5819","page","type-page","status-publish","hentry","post-no-thumbnail"],"yoast_head":"<!-- This site is optimized with the Yoast SEO plugin v25.3 - https:\/\/yoast.com\/wordpress\/plugins\/seo\/ -->\n<title>Il nostro Territorio, il Lago Maggiore | Boutique Hotel Sempione Stresa<\/title>\n<meta name=\"description\" content=\"Il Lago Maggiore, con le meravigliose Isole Borromee, \u00e8 il posto ideale per una vacanza all&#039;insegna di relax e tranquillit\u00e0.\" \/>\n<meta name=\"robots\" content=\"index, follow, max-snippet:-1, max-image-preview:large, max-video-preview:-1\" \/>\n<link rel=\"canonical\" href=\"https:\/\/www.sempioneboutiquehotel.it\/fr\/territorio-hotel-sempione-stresa-2\/\" \/>\n<meta property=\"og:locale\" content=\"fr_FR\" \/>\n<meta property=\"og:type\" content=\"article\" \/>\n<meta property=\"og:title\" content=\"Il nostro Territorio, il Lago Maggiore | Boutique Hotel Sempione Stresa\" \/>\n<meta property=\"og:description\" content=\"Il Lago Maggiore, con le meravigliose Isole Borromee, \u00e8 il posto ideale per una vacanza all&#039;insegna di relax e tranquillit\u00e0.\" \/>\n<meta property=\"og:url\" content=\"https:\/\/www.sempioneboutiquehotel.it\/fr\/territorio-hotel-sempione-stresa-2\/\" \/>\n<meta property=\"og:site_name\" content=\"Hotel Sempione Stresa | Boutique Hotel sul Lago Maggiore\" \/>\n<meta property=\"article:publisher\" content=\"https:\/\/m.facebook.com\/sempioneboutiquehotel\/\" \/>\n<meta property=\"article:modified_time\" content=\"2025-06-18T15:44:39+00:00\" \/>\n<meta property=\"og:image\" content=\"https:\/\/www.sempioneboutiquehotel.it\/wp-content\/uploads\/2022\/03\/shutterstock_1924100369.jpg\" \/>\n<meta name=\"twitter:card\" content=\"summary_large_image\" \/>\n<meta name=\"twitter:label1\" content=\"Dur\u00e9e de lecture estim\u00e9e\" \/>\n\t<meta name=\"twitter:data1\" content=\"1 minute\" \/>\n<script type=\"application\/ld+json\" class=\"yoast-schema-graph\">{\"@context\":\"https:\/\/schema.org\",\"@graph\":[{\"@type\":\"WebPage\",\"@id\":\"https:\/\/www.sempioneboutiquehotel.it\/territorio-hotel-sempione-stresa-2\/\",\"url\":\"https:\/\/www.sempioneboutiquehotel.it\/territorio-hotel-sempione-stresa-2\/\",\"name\":\"Il nostro Territorio, il Lago Maggiore | Boutique Hotel Sempione Stresa\",\"isPartOf\":{\"@id\":\"https:\/\/www.sempioneboutiquehotel.it\/#website\"},\"primaryImageOfPage\":{\"@id\":\"https:\/\/www.sempioneboutiquehotel.it\/territorio-hotel-sempione-stresa-2\/#primaryimage\"},\"image\":{\"@id\":\"https:\/\/www.sempioneboutiquehotel.it\/territorio-hotel-sempione-stresa-2\/#primaryimage\"},\"thumbnailUrl\":\"https:\/\/www.sempioneboutiquehotel.it\/wp-content\/uploads\/2022\/03\/shutterstock_1924100369.jpg\",\"datePublished\":\"2022-06-06T07:56:06+00:00\",\"dateModified\":\"2025-06-18T15:44:39+00:00\",\"description\":\"Il Lago Maggiore, con le meravigliose Isole Borromee, \u00e8 il posto ideale per una vacanza all'insegna di relax e tranquillit\u00e0.\",\"breadcrumb\":{\"@id\":\"https:\/\/www.sempioneboutiquehotel.it\/territorio-hotel-sempione-stresa-2\/#breadcrumb\"},\"inLanguage\":\"fr-FR\",\"potentialAction\":[{\"@type\":\"ReadAction\",\"target\":[\"https:\/\/www.sempioneboutiquehotel.it\/territorio-hotel-sempione-stresa-2\/\"]}]},{\"@type\":\"ImageObject\",\"inLanguage\":\"fr-FR\",\"@id\":\"https:\/\/www.sempioneboutiquehotel.it\/territorio-hotel-sempione-stresa-2\/#primaryimage\",\"url\":\"https:\/\/www.sempioneboutiquehotel.it\/wp-content\/uploads\/2022\/03\/shutterstock_1924100369.jpg\",\"contentUrl\":\"https:\/\/www.sempioneboutiquehotel.it\/wp-content\/uploads\/2022\/03\/shutterstock_1924100369.jpg\"},{\"@type\":\"BreadcrumbList\",\"@id\":\"https:\/\/www.sempioneboutiquehotel.it\/territorio-hotel-sempione-stresa-2\/#breadcrumb\",\"itemListElement\":[{\"@type\":\"ListItem\",\"position\":1,\"name\":\"Home\",\"item\":\"https:\/\/www.sempioneboutiquehotel.it\/\"},{\"@type\":\"ListItem\",\"position\":2,\"name\":\"Il Nostro Territorio\"}]},{\"@type\":\"WebSite\",\"@id\":\"https:\/\/www.sempioneboutiquehotel.it\/#website\",\"url\":\"https:\/\/www.sempioneboutiquehotel.it\/\",\"name\":\"Hotel Sempione Stresa | Boutique Hotel sul Lago Maggiore\",\"description\":\"\",\"publisher\":{\"@id\":\"https:\/\/www.sempioneboutiquehotel.it\/#organization\"},\"potentialAction\":[{\"@type\":\"SearchAction\",\"target\":{\"@type\":\"EntryPoint\",\"urlTemplate\":\"https:\/\/www.sempioneboutiquehotel.it\/?s={search_term_string}\"},\"query-input\":{\"@type\":\"PropertyValueSpecification\",\"valueRequired\":true,\"valueName\":\"search_term_string\"}}],\"inLanguage\":\"fr-FR\"},{\"@type\":\"Organization\",\"@id\":\"https:\/\/www.sempioneboutiquehotel.it\/#organization\",\"name\":\"Boutique Hotel Sempione\",\"url\":\"https:\/\/www.sempioneboutiquehotel.it\/\",\"logo\":{\"@type\":\"ImageObject\",\"inLanguage\":\"fr-FR\",\"@id\":\"https:\/\/www.sempioneboutiquehotel.it\/#\/schema\/logo\/image\/\",\"url\":\"https:\/\/www.sempioneboutiquehotel.it\/wp-content\/uploads\/2022\/03\/Sempione-logopng.png\",\"contentUrl\":\"https:\/\/www.sempioneboutiquehotel.it\/wp-content\/uploads\/2022\/03\/Sempione-logopng.png\",\"width\":1500,\"height\":1500,\"caption\":\"Boutique Hotel Sempione\"},\"image\":{\"@id\":\"https:\/\/www.sempioneboutiquehotel.it\/#\/schema\/logo\/image\/\"},\"sameAs\":[\"https:\/\/m.facebook.com\/sempioneboutiquehotel\/\",\"https:\/\/instagram.com\/sempione.boutique.hotel\"]}]}<\/script>\n<!-- \/ Yoast SEO plugin. -->","yoast_head_json":{"title":"Il nostro Territorio, il Lago Maggiore | Boutique Hotel Sempione Stresa","description":"Il Lago Maggiore, con le meravigliose Isole Borromee, \u00e8 il posto ideale per una vacanza all'insegna di relax e tranquillit\u00e0.","robots":{"index":"index","follow":"follow","max-snippet":"max-snippet:-1","max-image-preview":"max-image-preview:large","max-video-preview":"max-video-preview:-1"},"canonical":"https:\/\/www.sempioneboutiquehotel.it\/fr\/territorio-hotel-sempione-stresa-2\/","og_locale":"fr_FR","og_type":"article","og_title":"Il nostro Territorio, il Lago Maggiore | Boutique Hotel Sempione Stresa","og_description":"Il Lago Maggiore, con le meravigliose Isole Borromee, \u00e8 il posto ideale per una vacanza all'insegna di relax e tranquillit\u00e0.","og_url":"https:\/\/www.sempioneboutiquehotel.it\/fr\/territorio-hotel-sempione-stresa-2\/","og_site_name":"Hotel Sempione Stresa | Boutique Hotel sul Lago Maggiore","article_publisher":"https:\/\/m.facebook.com\/sempioneboutiquehotel\/","article_modified_time":"2025-06-18T15:44:39+00:00","og_image":[{"url":"https:\/\/www.sempioneboutiquehotel.it\/wp-content\/uploads\/2022\/03\/shutterstock_1924100369.jpg","type":"","width":"","height":""}],"twitter_card":"summary_large_image","twitter_misc":{"Dur\u00e9e de lecture estim\u00e9e":"1 minute"},"schema":{"@context":"https:\/\/schema.org","@graph":[{"@type":"WebPage","@id":"https:\/\/www.sempioneboutiquehotel.it\/territorio-hotel-sempione-stresa-2\/","url":"https:\/\/www.sempioneboutiquehotel.it\/territorio-hotel-sempione-stresa-2\/","name":"Il nostro Territorio, il Lago Maggiore | Boutique Hotel Sempione Stresa","isPartOf":{"@id":"https:\/\/www.sempioneboutiquehotel.it\/#website"},"primaryImageOfPage":{"@id":"https:\/\/www.sempioneboutiquehotel.it\/territorio-hotel-sempione-stresa-2\/#primaryimage"},"image":{"@id":"https:\/\/www.sempioneboutiquehotel.it\/territorio-hotel-sempione-stresa-2\/#primaryimage"},"thumbnailUrl":"https:\/\/www.sempioneboutiquehotel.it\/wp-content\/uploads\/2022\/03\/shutterstock_1924100369.jpg","datePublished":"2022-06-06T07:56:06+00:00","dateModified":"2025-06-18T15:44:39+00:00","description":"Il Lago Maggiore, con le meravigliose Isole Borromee, \u00e8 il posto ideale per una vacanza all'insegna di relax e tranquillit\u00e0.","breadcrumb":{"@id":"https:\/\/www.sempioneboutiquehotel.it\/territorio-hotel-sempione-stresa-2\/#breadcrumb"},"inLanguage":"fr-FR","potentialAction":[{"@type":"ReadAction","target":["https:\/\/www.sempioneboutiquehotel.it\/territorio-hotel-sempione-stresa-2\/"]}]},{"@type":"ImageObject","inLanguage":"fr-FR","@id":"https:\/\/www.sempioneboutiquehotel.it\/territorio-hotel-sempione-stresa-2\/#primaryimage","url":"https:\/\/www.sempioneboutiquehotel.it\/wp-content\/uploads\/2022\/03\/shutterstock_1924100369.jpg","contentUrl":"https:\/\/www.sempioneboutiquehotel.it\/wp-content\/uploads\/2022\/03\/shutterstock_1924100369.jpg"},{"@type":"BreadcrumbList","@id":"https:\/\/www.sempioneboutiquehotel.it\/territorio-hotel-sempione-stresa-2\/#breadcrumb","itemListElement":[{"@type":"ListItem","position":1,"name":"Home","item":"https:\/\/www.sempioneboutiquehotel.it\/"},{"@type":"ListItem","position":2,"name":"Il Nostro Territorio"}]},{"@type":"WebSite","@id":"https:\/\/www.sempioneboutiquehotel.it\/#website","url":"https:\/\/www.sempioneboutiquehotel.it\/","name":"Hotel Sempione Stresa | Boutique Hotel sul Lago Maggiore","description":"","publisher":{"@id":"https:\/\/www.sempioneboutiquehotel.it\/#organization"},"potentialAction":[{"@type":"SearchAction","target":{"@type":"EntryPoint","urlTemplate":"https:\/\/www.sempioneboutiquehotel.it\/?s={search_term_string}"},"query-input":{"@type":"PropertyValueSpecification","valueRequired":true,"valueName":"search_term_string"}}],"inLanguage":"fr-FR"},{"@type":"Organization","@id":"https:\/\/www.sempioneboutiquehotel.it\/#organization","name":"Boutique Hotel Sempione","url":"https:\/\/www.sempioneboutiquehotel.it\/","logo":{"@type":"ImageObject","inLanguage":"fr-FR","@id":"https:\/\/www.sempioneboutiquehotel.it\/#\/schema\/logo\/image\/","url":"https:\/\/www.sempioneboutiquehotel.it\/wp-content\/uploads\/2022\/03\/Sempione-logopng.png","contentUrl":"https:\/\/www.sempioneboutiquehotel.it\/wp-content\/uploads\/2022\/03\/Sempione-logopng.png","width":1500,"height":1500,"caption":"Boutique Hotel Sempione"},"image":{"@id":"https:\/\/www.sempioneboutiquehotel.it\/#\/schema\/logo\/image\/"},"sameAs":["https:\/\/m.facebook.com\/sempioneboutiquehotel\/","https:\/\/instagram.com\/sempione.boutique.hotel"]}]}},"_links":{"self":[{"href":"https:\/\/www.sempioneboutiquehotel.it\/fr\/wp-json\/wp\/v2\/pages\/5819","targetHints":{"allow":["GET"]}}],"collection":[{"href":"https:\/\/www.sempioneboutiquehotel.it\/fr\/wp-json\/wp\/v2\/pages"}],"about":[{"href":"https:\/\/www.sempioneboutiquehotel.it\/fr\/wp-json\/wp\/v2\/types\/page"}],"author":[{"embeddable":true,"href":"https:\/\/www.sempioneboutiquehotel.it\/fr\/wp-json\/wp\/v2\/users\/1"}],"replies":[{"embeddable":true,"href":"https:\/\/www.sempioneboutiquehotel.it\/fr\/wp-json\/wp\/v2\/comments?post=5819"}],"version-history":[{"count":8,"href":"https:\/\/www.sempioneboutiquehotel.it\/fr\/wp-json\/wp\/v2\/pages\/5819\/revisions"}],"predecessor-version":[{"id":6803,"href":"https:\/\/www.sempioneboutiquehotel.it\/fr\/wp-json\/wp\/v2\/pages\/5819\/revisions\/6803"}],"wp:attachment":[{"href":"https:\/\/www.sempioneboutiquehotel.it\/fr\/wp-json\/wp\/v2\/media?parent=5819"}],"curies":[{"name":"wp","href":"https:\/\/api.w.org\/{rel}","templated":true}]}}