{"id":2100,"date":"2021-03-19T06:59:03","date_gmt":"2021-03-19T05:59:03","guid":{"rendered":"http:\/\/localhost\/nuss\/?page_id=14"},"modified":"2025-06-18T17:39:49","modified_gmt":"2025-06-18T15:39:49","slug":"contatti","status":"publish","type":"page","link":"https:\/\/www.sempioneboutiquehotel.it\/fr\/contatti\/","title":{"rendered":"Contacts"},"content":{"rendered":"<div data-elementor-type=\"wp-page\" data-elementor-id=\"2100\" class=\"elementor elementor-2100\">\n\t\t\t\t\t\t<section class=\"elementor-section elementor-top-section elementor-element elementor-element-870f456 elementor-section-boxed elementor-section-height-default elementor-section-height-default elementor-section-column-vertical-align-stretch\" data-id=\"870f456\" data-element_type=\"section\">\n\t\t\t\t\t\t<div class=\"elementor-container elementor-column-gap-no\">\n\t\t\t\t\t<div class=\"elementor-column elementor-col-100 elementor-top-column elementor-element elementor-element-e6495f0\" data-id=\"e6495f0\" data-element_type=\"column\">\n\t\t\t<div class=\"elementor-widget-wrap elementor-element-populated\">\n\t\t\t\t\t\t<div class=\"elementor-element elementor-element-5055c26 elementor-widget__width-initial elementor-invisible elementor-widget elementor-widget-text-editor\" data-id=\"5055c26\" data-element_type=\"widget\" data-settings=\"{&quot;_animation&quot;:&quot;nussFadeInUp&quot;}\" data-widget_type=\"text-editor.default\">\n\t\t\t\t<div class=\"elementor-widget-container\">\n\t\t\t\t\t\t\t\t\t<p>Vous avez besoin d\u2019aide pour votre r\u00e9servation en ligne, avez une question ou besoin de plus d\u2019informations ?<\/p>\t\t\t\t\t\t\t\t<\/div>\n\t\t\t\t<\/div>\n\t\t\t\t<div class=\"elementor-element elementor-element-2f1ffe1 elementor-widget__width-initial elementor-invisible elementor-widget elementor-widget-heading\" data-id=\"2f1ffe1\" data-element_type=\"widget\" data-settings=\"{&quot;_animation&quot;:&quot;nussFadeInUp&quot;}\" data-widget_type=\"heading.default\">\n\t\t\t\t<div class=\"elementor-widget-container\">\n\t\t\t\t\t<h3 class=\"elementor-heading-title elementor-size-default\">Nous sommes \u00e0 votre disposition<\/h3>\t\t\t\t<\/div>\n\t\t\t\t<\/div>\n\t\t\t\t<div class=\"elementor-element elementor-element-7373379 elementor-invisible elementor-widget elementor-widget-text-editor\" data-id=\"7373379\" data-element_type=\"widget\" data-settings=\"{&quot;_animation&quot;:&quot;nussFadeInUp&quot;}\" data-widget_type=\"text-editor.default\">\n\t\t\t\t<div class=\"elementor-widget-container\">\n\t\t\t\t\t\t\t\t\t<p>Appelez-nous au +39\u00a00323\u00a0086735<\/p>\t\t\t\t\t\t\t\t<\/div>\n\t\t\t\t<\/div>\n\t\t\t\t<div class=\"elementor-element elementor-element-97599aa elementor-invisible elementor-widget elementor-widget-text-editor\" data-id=\"97599aa\" data-element_type=\"widget\" data-settings=\"{&quot;_animation&quot;:&quot;nussFadeInUp&quot;}\" data-widget_type=\"text-editor.default\">\n\t\t\t\t<div class=\"elementor-widget-container\">\n\t\t\t\t\t\t\t\t\tEnvoyez un courriel \u00e0 info@sempioneboutiquehotel.it\t\t\t\t\t\t\t\t<\/div>\n\t\t\t\t<\/div>\n\t\t\t\t<div class=\"elementor-element elementor-element-8cc73b2 elementor-widget__width-initial elementor-invisible elementor-widget elementor-widget-heading\" data-id=\"8cc73b2\" data-element_type=\"widget\" data-settings=\"{&quot;_animation&quot;:&quot;nussFadeInUp&quot;}\" data-widget_type=\"heading.default\">\n\t\t\t\t<div class=\"elementor-widget-container\">\n\t\t\t\t\t<h3 class=\"elementor-heading-title elementor-size-default\">Nous trouver sur la carte<\/h3>\t\t\t\t<\/div>\n\t\t\t\t<\/div>\n\t\t\t\t<div class=\"elementor-element elementor-element-809804d elementor-widget__width-initial elementor-invisible nuss-elementor-loading nuss-slide-in-up elementor-widget elementor-widget-google_maps\" data-id=\"809804d\" data-element_type=\"widget\" data-settings=\"{&quot;_animation&quot;:&quot;nussSlideInUp&quot;}\" data-widget_type=\"google_maps.default\">\n\t\t\t\t<div class=\"elementor-widget-container\">\n\t\t\t\t\t\t\t<div class=\"elementor-custom-embed\">\n\t\t\t<iframe loading=\"lazy\"\n\t\t\t\t\tsrc=\"https:\/\/maps.google.com\/maps?q=Hotel%20Sempione%2C%20Corso%20Italia%2046%20Stresa&#038;t=m&#038;z=11&#038;output=embed&#038;iwloc=near\"\n\t\t\t\t\ttitle=\"Hotel Sempione, Corso Italia 46 Stresa\"\n\t\t\t\t\taria-label=\"Hotel Sempione, Corso Italia 46 Stresa\"\n\t\t\t><\/iframe>\n\t\t<\/div>\n\t\t\t\t\t\t<\/div>\n\t\t\t\t<\/div>\n\t\t\t\t<div class=\"elementor-element elementor-element-d85188e elementor-widget__width-initial elementor-invisible elementor-widget elementor-widget-text-editor\" data-id=\"d85188e\" data-element_type=\"widget\" data-settings=\"{&quot;_animation&quot;:&quot;nussFadeInUp&quot;}\" data-widget_type=\"text-editor.default\">\n\t\t\t\t<div class=\"elementor-widget-container\">\n\t\t\t\t\t\t\t\t\t<p>Sempione Boutique Hotel<\/p><p>Corso Italia, 46 &#8211; Stresa, Lago Maggiore<\/p>\t\t\t\t\t\t\t\t<\/div>\n\t\t\t\t<\/div>\n\t\t\t\t<div class=\"elementor-element elementor-element-b042ce1 elementor-align-center elementor-invisible elementor-widget elementor-widget-button\" data-id=\"b042ce1\" data-element_type=\"widget\" data-settings=\"{&quot;_animation&quot;:&quot;nussFadeInUp&quot;}\" data-widget_type=\"button.default\">\n\t\t\t\t<div class=\"elementor-widget-container\">\n\t\t\t\t\t\t\t\t\t<div class=\"elementor-button-wrapper\">\n\t\t\t\t\t<a class=\"elementor-button elementor-button-link elementor-size-sm\" href=\"https:\/\/www.google.com\/maps\/place\/SEMPIONE+BOUTIQUE+HOTEL\/@45.8834797,8.5401482,17z\/data=!3m1!4b1!4m8!3m7!1s0x4786758cef2dbaaf:0x694d6a930f471808!5m2!4m1!1i2!8m2!3d45.883476!4d8.5423422\" target=\"_blank\">\n\t\t\t\t\t\t<span class=\"elementor-button-content-wrapper\">\n\t\t\t\t\t\t\t\t\t<span class=\"elementor-button-text\">DIRECTIONS<\/span>\n\t\t\t\t\t<\/span>\n\t\t\t\t\t<\/a>\n\t\t\t\t<\/div>\n\t\t\t\t\t\t\t\t<\/div>\n\t\t\t\t<\/div>\n\t\t\t\t\t<\/div>\n\t\t<\/div>\n\t\t\t\t\t<\/div>\n\t\t<\/section>\n\t\t\t\t<section class=\"elementor-section elementor-top-section elementor-element elementor-element-aa0a411 elementor-section-boxed elementor-section-height-default elementor-section-height-default elementor-section-column-vertical-align-stretch\" data-id=\"aa0a411\" data-element_type=\"section\">\n\t\t\t\t\t\t<div class=\"elementor-container elementor-column-gap-no\">\n\t\t\t\t\t<div class=\"elementor-column elementor-col-100 elementor-top-column elementor-element elementor-element-1e63a58\" data-id=\"1e63a58\" data-element_type=\"column\">\n\t\t\t<div class=\"elementor-widget-wrap elementor-element-populated\">\n\t\t\t\t\t\t<div class=\"elementor-element elementor-element-219ba02 elementor-widget__width-initial elementor-widget elementor-widget-heading\" data-id=\"219ba02\" data-element_type=\"widget\" data-widget_type=\"heading.default\">\n\t\t\t\t<div class=\"elementor-widget-container\">\n\t\t\t\t\t<h3 class=\"elementor-heading-title elementor-size-default\">Comment nous rejoindre<\/h3>\t\t\t\t<\/div>\n\t\t\t\t<\/div>\n\t\t\t\t<div class=\"elementor-element elementor-element-70127c6 elementor-widget elementor-widget-heading\" data-id=\"70127c6\" data-element_type=\"widget\" data-widget_type=\"heading.default\">\n\t\t\t\t<div class=\"elementor-widget-container\">\n\t\t\t\t\t<h4 class=\"elementor-heading-title elementor-size-default\">Train<\/h4>\t\t\t\t<\/div>\n\t\t\t\t<\/div>\n\t\t\t\t<div class=\"elementor-element elementor-element-bc08b80 elementor-widget elementor-widget-text-editor\" data-id=\"bc08b80\" data-element_type=\"widget\" data-widget_type=\"text-editor.default\">\n\t\t\t\t<div class=\"elementor-widget-container\">\n\t\t\t\t\t\t\t\t\t<p>Stresa peut \u00eatre tr\u00e8s facilement accessible en train depuis Milan.<br \/>50 minutes suffisent si vous choisissez un train Eurocity au d\u00e9part de la gare de Milano Centrale en direction de Stresa qui n\u2019effectue pas d\u2019arr\u00eats interm\u00e9diaires. En revanche, il faut environ 80 minutes si vous prenez un train r\u00e9gional au d\u00e9part de la gare de Milano Centrale ou de la gare de Porta Garibaldi.<br \/>La gare ferroviaire de Stresa, situ\u00e9e dans le centre-ville, ne se trouve qu\u2019\u00e0 quelques minutes \u00e0 pied de l\u2019h\u00f4tel.<\/p>\t\t\t\t\t\t\t\t<\/div>\n\t\t\t\t<\/div>\n\t\t\t\t<div class=\"elementor-element elementor-element-68afdbc elementor-widget elementor-widget-heading\" data-id=\"68afdbc\" data-element_type=\"widget\" data-widget_type=\"heading.default\">\n\t\t\t\t<div class=\"elementor-widget-container\">\n\t\t\t\t\t<h4 class=\"elementor-heading-title elementor-size-default\">Voiture<\/h4>\t\t\t\t<\/div>\n\t\t\t\t<\/div>\n\t\t\t\t<div class=\"elementor-element elementor-element-e5f9535 elementor-widget elementor-widget-text-editor\" data-id=\"e5f9535\" data-element_type=\"widget\" data-widget_type=\"text-editor.default\">\n\t\t\t\t<div class=\"elementor-widget-container\">\n\t\t\t\t\t\t\t\t\t<p>Si vous arrivez de Milan, pour rejoindre Stresa, il faut prendre l\u2019autoroute A8 en direction des lacs (Laghi \u2013 Sesto Calende) et poursuivre sur l\u2019A26 en direction de Gravellona Toce, jusqu\u2019\u00e0 la sortie Carpugnino (interdite aux bus).<br \/>Tout de suite apr\u00e8s la sortie, si vous suivez les panneaux pour Stresa, vous trouverez une petite route qui descend vers le centre du village (5 km), avec une magnifique vue panoramique.<br \/>Une autre solution est de poursuivre davantage jusqu\u2019\u00e0 la sortie Baveno-Stresa, \u00e0 partir de laquelle vous rejoignez imm\u00e9diatement le bord du lac : dans ce cas, il est cependant n\u00e9cessaire de retourner vers Stresa sur 5 km environ, en longeant le lac sur votre gauche.<\/p>\t\t\t\t\t\t\t\t<\/div>\n\t\t\t\t<\/div>\n\t\t\t\t<div class=\"elementor-element elementor-element-0f03a09 elementor-widget elementor-widget-heading\" data-id=\"0f03a09\" data-element_type=\"widget\" data-widget_type=\"heading.default\">\n\t\t\t\t<div class=\"elementor-widget-container\">\n\t\t\t\t\t<h4 class=\"elementor-heading-title elementor-size-default\">Avion<\/h4>\t\t\t\t<\/div>\n\t\t\t\t<\/div>\n\t\t\t\t<div class=\"elementor-element elementor-element-c6395ce elementor-widget elementor-widget-text-editor\" data-id=\"c6395ce\" data-element_type=\"widget\" data-widget_type=\"text-editor.default\">\n\t\t\t\t<div class=\"elementor-widget-container\">\n\t\t\t\t\t\t\t\t\t<p>Stresa est situ\u00e9 \u00e0 seulement 50 km de l\u2019a\u00e9roport de Milan Malpensa.<br \/>L\u2019a\u00e9roport peut \u00eatre atteint en voiture en environ 45min.<br \/>L\u2019a\u00e9roport de Linate est quant \u00e0 lui \u00e0 110km et celui de Turin \u00e0 150km.<br \/>Pour r\u00e9server un taxi ou un minivan, vous pouvez nous envoyer un e-mail ou vous adresser directement \u00e0 la r\u00e9ception de l\u2019h\u00f4tel.<\/p>\t\t\t\t\t\t\t\t<\/div>\n\t\t\t\t<\/div>\n\t\t\t\t\t<\/div>\n\t\t<\/div>\n\t\t\t\t\t<\/div>\n\t\t<\/section>\n\t\t\t\t<\/div>","protected":false},"excerpt":{"rendered":"<p>Hai bisogno di aiuto con la tua prenotazione online, hai una domanda o hai bisogno di maggiori informazioni? Siamo a vostra disposizione Chiamaci +39 0323 086735 Invia una email info@sempioneboutiquehotel.it Trovaci sulla mappa Sempione Boutique Hotel Corso Italia, 46 &#8211; Stresa, Lago Maggiore Indicazioni Stradali Come raggiungerci Treno Stresa pu\u00f2 essere raggiunta in treno molto [&hellip;]<\/p>","protected":false},"author":1,"featured_media":0,"parent":0,"menu_order":0,"comment_status":"closed","ping_status":"closed","template":"","meta":{"footnotes":""},"class_list":["post-2100","page","type-page","status-publish","hentry","post-no-thumbnail"],"yoast_head":"<!-- This site is optimized with the Yoast SEO plugin v25.3 - https:\/\/yoast.com\/wordpress\/plugins\/seo\/ -->\n<title>Hotel Sempione Stresa | Boutique Hotel sul Lago Maggiore<\/title>\n<meta name=\"robots\" content=\"index, follow, max-snippet:-1, max-image-preview:large, max-video-preview:-1\" \/>\n<link rel=\"canonical\" href=\"https:\/\/www.sempioneboutiquehotel.it\/fr\/contatti\/\" \/>\n<meta property=\"og:locale\" content=\"fr_FR\" \/>\n<meta property=\"og:type\" content=\"article\" \/>\n<meta property=\"og:title\" content=\"Hotel Sempione Stresa | Boutique Hotel sul Lago Maggiore\" \/>\n<meta property=\"og:description\" content=\"Hai bisogno di aiuto con la tua prenotazione online, hai una domanda o hai bisogno di maggiori informazioni? Siamo a vostra disposizione Chiamaci +39 0323 086735 Invia una email info@sempioneboutiquehotel.it Trovaci sulla mappa Sempione Boutique Hotel Corso Italia, 46 &#8211; Stresa, Lago Maggiore Indicazioni Stradali Come raggiungerci Treno Stresa pu\u00f2 essere raggiunta in treno molto [&hellip;]\" \/>\n<meta property=\"og:url\" content=\"https:\/\/www.sempioneboutiquehotel.it\/fr\/contatti\/\" \/>\n<meta property=\"og:site_name\" content=\"Hotel Sempione Stresa | Boutique Hotel sul Lago Maggiore\" \/>\n<meta property=\"article:publisher\" content=\"https:\/\/m.facebook.com\/sempioneboutiquehotel\/\" \/>\n<meta property=\"article:modified_time\" content=\"2025-06-18T15:39:49+00:00\" \/>\n<meta name=\"twitter:card\" content=\"summary_large_image\" \/>\n<meta name=\"twitter:label1\" content=\"Dur\u00e9e de lecture estim\u00e9e\" \/>\n\t<meta name=\"twitter:data1\" content=\"2 minutes\" \/>\n<script type=\"application\/ld+json\" class=\"yoast-schema-graph\">{\"@context\":\"https:\/\/schema.org\",\"@graph\":[{\"@type\":\"WebPage\",\"@id\":\"https:\/\/www.sempioneboutiquehotel.it\/en\/contatti\/\",\"url\":\"https:\/\/www.sempioneboutiquehotel.it\/en\/contatti\/\",\"name\":\"Hotel Sempione Stresa | Boutique Hotel sul Lago Maggiore\",\"isPartOf\":{\"@id\":\"https:\/\/www.sempioneboutiquehotel.it\/#website\"},\"datePublished\":\"2021-03-19T05:59:03+00:00\",\"dateModified\":\"2025-06-18T15:39:49+00:00\",\"breadcrumb\":{\"@id\":\"https:\/\/www.sempioneboutiquehotel.it\/en\/contatti\/#breadcrumb\"},\"inLanguage\":\"fr-FR\",\"potentialAction\":[{\"@type\":\"ReadAction\",\"target\":[\"https:\/\/www.sempioneboutiquehotel.it\/en\/contatti\/\"]}]},{\"@type\":\"BreadcrumbList\",\"@id\":\"https:\/\/www.sempioneboutiquehotel.it\/en\/contatti\/#breadcrumb\",\"itemListElement\":[{\"@type\":\"ListItem\",\"position\":1,\"name\":\"Home\",\"item\":\"https:\/\/www.sempioneboutiquehotel.it\/\"},{\"@type\":\"ListItem\",\"position\":2,\"name\":\"Contatti\"}]},{\"@type\":\"WebSite\",\"@id\":\"https:\/\/www.sempioneboutiquehotel.it\/#website\",\"url\":\"https:\/\/www.sempioneboutiquehotel.it\/\",\"name\":\"Hotel Sempione Stresa | Boutique Hotel sul Lago Maggiore\",\"description\":\"\",\"publisher\":{\"@id\":\"https:\/\/www.sempioneboutiquehotel.it\/#organization\"},\"potentialAction\":[{\"@type\":\"SearchAction\",\"target\":{\"@type\":\"EntryPoint\",\"urlTemplate\":\"https:\/\/www.sempioneboutiquehotel.it\/?s={search_term_string}\"},\"query-input\":{\"@type\":\"PropertyValueSpecification\",\"valueRequired\":true,\"valueName\":\"search_term_string\"}}],\"inLanguage\":\"fr-FR\"},{\"@type\":\"Organization\",\"@id\":\"https:\/\/www.sempioneboutiquehotel.it\/#organization\",\"name\":\"Boutique Hotel Sempione\",\"url\":\"https:\/\/www.sempioneboutiquehotel.it\/\",\"logo\":{\"@type\":\"ImageObject\",\"inLanguage\":\"fr-FR\",\"@id\":\"https:\/\/www.sempioneboutiquehotel.it\/#\/schema\/logo\/image\/\",\"url\":\"https:\/\/www.sempioneboutiquehotel.it\/wp-content\/uploads\/2022\/03\/Sempione-logopng.png\",\"contentUrl\":\"https:\/\/www.sempioneboutiquehotel.it\/wp-content\/uploads\/2022\/03\/Sempione-logopng.png\",\"width\":1500,\"height\":1500,\"caption\":\"Boutique Hotel Sempione\"},\"image\":{\"@id\":\"https:\/\/www.sempioneboutiquehotel.it\/#\/schema\/logo\/image\/\"},\"sameAs\":[\"https:\/\/m.facebook.com\/sempioneboutiquehotel\/\",\"https:\/\/instagram.com\/sempione.boutique.hotel\"]}]}<\/script>\n<!-- \/ Yoast SEO plugin. -->","yoast_head_json":{"title":"Hotel Sempione Stresa | Boutique Hotel sul Lago Maggiore","robots":{"index":"index","follow":"follow","max-snippet":"max-snippet:-1","max-image-preview":"max-image-preview:large","max-video-preview":"max-video-preview:-1"},"canonical":"https:\/\/www.sempioneboutiquehotel.it\/fr\/contatti\/","og_locale":"fr_FR","og_type":"article","og_title":"Hotel Sempione Stresa | Boutique Hotel sul Lago Maggiore","og_description":"Hai bisogno di aiuto con la tua prenotazione online, hai una domanda o hai bisogno di maggiori informazioni? Siamo a vostra disposizione Chiamaci +39 0323 086735 Invia una email info@sempioneboutiquehotel.it Trovaci sulla mappa Sempione Boutique Hotel Corso Italia, 46 &#8211; Stresa, Lago Maggiore Indicazioni Stradali Come raggiungerci Treno Stresa pu\u00f2 essere raggiunta in treno molto [&hellip;]","og_url":"https:\/\/www.sempioneboutiquehotel.it\/fr\/contatti\/","og_site_name":"Hotel Sempione Stresa | Boutique Hotel sul Lago Maggiore","article_publisher":"https:\/\/m.facebook.com\/sempioneboutiquehotel\/","article_modified_time":"2025-06-18T15:39:49+00:00","twitter_card":"summary_large_image","twitter_misc":{"Dur\u00e9e de lecture estim\u00e9e":"2 minutes"},"schema":{"@context":"https:\/\/schema.org","@graph":[{"@type":"WebPage","@id":"https:\/\/www.sempioneboutiquehotel.it\/en\/contatti\/","url":"https:\/\/www.sempioneboutiquehotel.it\/en\/contatti\/","name":"Hotel Sempione Stresa | Boutique Hotel sul Lago Maggiore","isPartOf":{"@id":"https:\/\/www.sempioneboutiquehotel.it\/#website"},"datePublished":"2021-03-19T05:59:03+00:00","dateModified":"2025-06-18T15:39:49+00:00","breadcrumb":{"@id":"https:\/\/www.sempioneboutiquehotel.it\/en\/contatti\/#breadcrumb"},"inLanguage":"fr-FR","potentialAction":[{"@type":"ReadAction","target":["https:\/\/www.sempioneboutiquehotel.it\/en\/contatti\/"]}]},{"@type":"BreadcrumbList","@id":"https:\/\/www.sempioneboutiquehotel.it\/en\/contatti\/#breadcrumb","itemListElement":[{"@type":"ListItem","position":1,"name":"Home","item":"https:\/\/www.sempioneboutiquehotel.it\/"},{"@type":"ListItem","position":2,"name":"Contatti"}]},{"@type":"WebSite","@id":"https:\/\/www.sempioneboutiquehotel.it\/#website","url":"https:\/\/www.sempioneboutiquehotel.it\/","name":"Hotel Sempione Stresa | Boutique Hotel sul Lago Maggiore","description":"","publisher":{"@id":"https:\/\/www.sempioneboutiquehotel.it\/#organization"},"potentialAction":[{"@type":"SearchAction","target":{"@type":"EntryPoint","urlTemplate":"https:\/\/www.sempioneboutiquehotel.it\/?s={search_term_string}"},"query-input":{"@type":"PropertyValueSpecification","valueRequired":true,"valueName":"search_term_string"}}],"inLanguage":"fr-FR"},{"@type":"Organization","@id":"https:\/\/www.sempioneboutiquehotel.it\/#organization","name":"Boutique Hotel Sempione","url":"https:\/\/www.sempioneboutiquehotel.it\/","logo":{"@type":"ImageObject","inLanguage":"fr-FR","@id":"https:\/\/www.sempioneboutiquehotel.it\/#\/schema\/logo\/image\/","url":"https:\/\/www.sempioneboutiquehotel.it\/wp-content\/uploads\/2022\/03\/Sempione-logopng.png","contentUrl":"https:\/\/www.sempioneboutiquehotel.it\/wp-content\/uploads\/2022\/03\/Sempione-logopng.png","width":1500,"height":1500,"caption":"Boutique Hotel Sempione"},"image":{"@id":"https:\/\/www.sempioneboutiquehotel.it\/#\/schema\/logo\/image\/"},"sameAs":["https:\/\/m.facebook.com\/sempioneboutiquehotel\/","https:\/\/instagram.com\/sempione.boutique.hotel"]}]}},"_links":{"self":[{"href":"https:\/\/www.sempioneboutiquehotel.it\/fr\/wp-json\/wp\/v2\/pages\/2100","targetHints":{"allow":["GET"]}}],"collection":[{"href":"https:\/\/www.sempioneboutiquehotel.it\/fr\/wp-json\/wp\/v2\/pages"}],"about":[{"href":"https:\/\/www.sempioneboutiquehotel.it\/fr\/wp-json\/wp\/v2\/types\/page"}],"author":[{"embeddable":true,"href":"https:\/\/www.sempioneboutiquehotel.it\/fr\/wp-json\/wp\/v2\/users\/1"}],"replies":[{"embeddable":true,"href":"https:\/\/www.sempioneboutiquehotel.it\/fr\/wp-json\/wp\/v2\/comments?post=2100"}],"version-history":[{"count":134,"href":"https:\/\/www.sempioneboutiquehotel.it\/fr\/wp-json\/wp\/v2\/pages\/2100\/revisions"}],"predecessor-version":[{"id":7495,"href":"https:\/\/www.sempioneboutiquehotel.it\/fr\/wp-json\/wp\/v2\/pages\/2100\/revisions\/7495"}],"wp:attachment":[{"href":"https:\/\/www.sempioneboutiquehotel.it\/fr\/wp-json\/wp\/v2\/media?parent=2100"}],"curies":[{"name":"wp","href":"https:\/\/api.w.org\/{rel}","templated":true}]}}