{"id":6490,"date":"2022-06-13T16:59:45","date_gmt":"2022-06-13T14:59:45","guid":{"rendered":"https:\/\/www.sempioneboutiquehotel.it\/gym-wellness-spa-stresa\/"},"modified":"2024-10-09T12:22:48","modified_gmt":"2024-10-09T10:22:48","slug":"gym-wellness-spa-stresa","status":"publish","type":"page","link":"https:\/\/www.sempioneboutiquehotel.it\/de\/gym-wellness-spa-stresa\/","title":{"rendered":"Gym &amp; Wellnessbereich"},"content":{"rendered":"<div data-elementor-type=\"wp-page\" data-elementor-id=\"6490\" class=\"elementor elementor-6490\">\n\t\t\t\t\t\t<section class=\"elementor-section elementor-top-section elementor-element elementor-element-9d18d9b elementor-section-boxed elementor-section-gap-beside-yes elementor-section-height-default elementor-section-height-default elementor-section-column-vertical-align-stretch\" data-id=\"9d18d9b\" data-element_type=\"section\">\n\t\t\t\t\t\t<div class=\"elementor-container elementor-column-gap-extended\">\n\t\t\t\t\t<div class=\"elementor-column elementor-col-100 elementor-top-column elementor-element elementor-element-9aba146\" data-id=\"9aba146\" data-element_type=\"column\">\n\t\t\t<div class=\"elementor-widget-wrap elementor-element-populated\">\n\t\t\t\t\t\t<div class=\"elementor-element elementor-element-02380a4 elementor-widget elementor-widget-heading\" data-id=\"02380a4\" data-element_type=\"widget\" data-widget_type=\"heading.default\">\n\t\t\t\t<div class=\"elementor-widget-container\">\n\t\t\t\t\t<h2 class=\"elementor-heading-title elementor-size-default\">\nDIE PFLEGE IHRES K\u00d6RPERS IST EINE DER GR\u00d6SSTEN DEMONSTRATIONEN DER LIEBE, DIE WIR UNS SELBST GEBEN K\u00d6NNEN<\/h2>\t\t\t\t<\/div>\n\t\t\t\t<\/div>\n\t\t\t\t<div class=\"elementor-element elementor-element-b4ef8c5 elementor-widget elementor-widget-spacer\" data-id=\"b4ef8c5\" data-element_type=\"widget\" data-widget_type=\"spacer.default\">\n\t\t\t\t<div class=\"elementor-widget-container\">\n\t\t\t\t\t\t\t<div class=\"elementor-spacer\">\n\t\t\t<div class=\"elementor-spacer-inner\"><\/div>\n\t\t<\/div>\n\t\t\t\t\t\t<\/div>\n\t\t\t\t<\/div>\n\t\t\t\t<div class=\"elementor-element elementor-element-6c966ef elementor-widget-divider--view-line elementor-widget elementor-widget-divider\" data-id=\"6c966ef\" data-element_type=\"widget\" data-widget_type=\"divider.default\">\n\t\t\t\t<div class=\"elementor-widget-container\">\n\t\t\t\t\t\t\t<div class=\"elementor-divider\">\n\t\t\t<span class=\"elementor-divider-separator\">\n\t\t\t\t\t\t<\/span>\n\t\t<\/div>\n\t\t\t\t\t\t<\/div>\n\t\t\t\t<\/div>\n\t\t\t\t<div class=\"elementor-element elementor-element-b621ad7 elementor-widget elementor-widget-spacer\" data-id=\"b621ad7\" data-element_type=\"widget\" data-widget_type=\"spacer.default\">\n\t\t\t\t<div class=\"elementor-widget-container\">\n\t\t\t\t\t\t\t<div class=\"elementor-spacer\">\n\t\t\t<div class=\"elementor-spacer-inner\"><\/div>\n\t\t<\/div>\n\t\t\t\t\t\t<\/div>\n\t\t\t\t<\/div>\n\t\t\t\t\t<\/div>\n\t\t<\/div>\n\t\t\t\t\t<\/div>\n\t\t<\/section>\n\t\t\t\t<section class=\"elementor-section elementor-top-section elementor-element elementor-element-1954ffc elementor-section-boxed elementor-section-gap-beside-yes elementor-section-height-default elementor-section-height-default elementor-section-column-vertical-align-stretch\" data-id=\"1954ffc\" data-element_type=\"section\">\n\t\t\t\t\t\t<div class=\"elementor-container elementor-column-gap-extended\">\n\t\t\t\t\t<div class=\"elementor-column elementor-col-100 elementor-top-column elementor-element elementor-element-86aebc5\" data-id=\"86aebc5\" data-element_type=\"column\">\n\t\t\t<div class=\"elementor-widget-wrap elementor-element-populated\">\n\t\t\t\t\t\t<section class=\"elementor-section elementor-inner-section elementor-element elementor-element-cabd669 elementor-section-boxed elementor-section-gap-beside-yes elementor-section-height-default elementor-section-height-default elementor-section-column-vertical-align-stretch\" data-id=\"cabd669\" data-element_type=\"section\">\n\t\t\t\t\t\t<div class=\"elementor-container elementor-column-gap-extended\">\n\t\t\t\t\t<div class=\"elementor-column elementor-col-33 elementor-inner-column elementor-element elementor-element-e286bd4\" data-id=\"e286bd4\" data-element_type=\"column\">\n\t\t\t<div class=\"elementor-widget-wrap elementor-element-populated\">\n\t\t\t\t\t\t<div class=\"elementor-element elementor-element-3b19a17 elementor-widget elementor-widget-text-editor\" data-id=\"3b19a17\" data-element_type=\"widget\" data-widget_type=\"text-editor.default\">\n\t\t\t\t<div class=\"elementor-widget-container\">\n\t\t\t\t\t\t\t\t\t<p>Sich um seinen K\u00f6rper zu k\u00fcmmern, ist einer der gr\u00f6\u00dften Liebesbeweise, die wir uns selbst geben k\u00f6nnen. Sich selbst zu kennen und sich nach innen und au\u00dfen zu verbessern, ist vielleicht das wirksamste Elixier des Friedens und des Gl\u00fccks: ein Tempel des Seins, der verehrt und mit guten Praktiken bereichert werden muss. Auch im Urlaub, bei der Aufrechterhaltung oder warum nicht, erm\u00f6glicht es uns, gesunde Gewohnheiten zu beginnen, jeden Moment der herrlichen suspendierten Zeit, die Reise ist, voll zu erleben.<\/p>\t\t\t\t\t\t\t\t<\/div>\n\t\t\t\t<\/div>\n\t\t\t\t\t<\/div>\n\t\t<\/div>\n\t\t\t\t<div class=\"elementor-column elementor-col-33 elementor-inner-column elementor-element elementor-element-41c790d\" data-id=\"41c790d\" data-element_type=\"column\">\n\t\t\t<div class=\"elementor-widget-wrap\">\n\t\t\t\t\t\t\t<\/div>\n\t\t<\/div>\n\t\t\t\t<div class=\"elementor-column elementor-col-33 elementor-inner-column elementor-element elementor-element-da4473b\" data-id=\"da4473b\" data-element_type=\"column\">\n\t\t\t<div class=\"elementor-widget-wrap elementor-element-populated\">\n\t\t\t\t\t\t<div class=\"elementor-element elementor-element-333075f elementor-widget elementor-widget-text-editor\" data-id=\"333075f\" data-element_type=\"widget\" data-widget_type=\"text-editor.default\">\n\t\t\t\t<div class=\"elementor-widget-container\">\n\t\t\t\t\t\t\t\t\t<p>Das Sempione Boutique Hotel bietet seinen G\u00e4sten einen Wellnessbereich. Ein Fitnessraum mit Tecnogym-Ger\u00e4ten und ein Jacuzzi-Wellnessbereich. Intime, konzentrierte R\u00e4ume, die der Erfahrung des Aufenthalts am Ufer des Lago Maggiore einen Mehrwert verleihen, der dazu beitr\u00e4gt, die Energie und Neugier bereitzustellen, die f\u00fcr K\u00f6rper und Geist notwendig sind, um die umliegenden Sch\u00f6nheiten zu entdecken.<\/p>\t\t\t\t\t\t\t\t<\/div>\n\t\t\t\t<\/div>\n\t\t\t\t\t<\/div>\n\t\t<\/div>\n\t\t\t\t\t<\/div>\n\t\t<\/section>\n\t\t\t\t\t<\/div>\n\t\t<\/div>\n\t\t\t\t\t<\/div>\n\t\t<\/section>\n\t\t\t\t<section class=\"elementor-section elementor-top-section elementor-element elementor-element-47cacb3 elementor-section-boxed elementor-section-gap-beside-yes elementor-section-height-default elementor-section-height-default elementor-section-column-vertical-align-stretch\" data-id=\"47cacb3\" data-element_type=\"section\">\n\t\t\t\t\t\t<div class=\"elementor-container elementor-column-gap-extended\">\n\t\t\t\t\t<div class=\"elementor-column elementor-col-100 elementor-top-column elementor-element elementor-element-d74bf21\" data-id=\"d74bf21\" data-element_type=\"column\">\n\t\t\t<div class=\"elementor-widget-wrap elementor-element-populated\">\n\t\t\t\t\t\t<section class=\"elementor-section elementor-inner-section elementor-element elementor-element-26790ad elementor-section-boxed elementor-section-gap-beside-yes elementor-section-height-default elementor-section-height-default elementor-section-column-vertical-align-stretch\" data-id=\"26790ad\" data-element_type=\"section\">\n\t\t\t\t\t\t<div class=\"elementor-container elementor-column-gap-extended\">\n\t\t\t\t\t<div class=\"elementor-column elementor-col-50 elementor-inner-column elementor-element elementor-element-636a52d\" data-id=\"636a52d\" data-element_type=\"column\">\n\t\t\t<div class=\"elementor-widget-wrap elementor-element-populated\">\n\t\t\t\t\t\t<div class=\"elementor-element elementor-element-8c28417 elementor-widget elementor-widget-heading\" data-id=\"8c28417\" data-element_type=\"widget\" data-widget_type=\"heading.default\">\n\t\t\t\t<div class=\"elementor-widget-container\">\n\t\t\t\t\t<h5 class=\"elementor-heading-title elementor-size-default\">FAHRPL\u00c4NE<\/h5>\t\t\t\t<\/div>\n\t\t\t\t<\/div>\n\t\t\t\t<div class=\"elementor-element elementor-element-5ab819f elementor-widget elementor-widget-text-editor\" data-id=\"5ab819f\" data-element_type=\"widget\" data-widget_type=\"text-editor.default\">\n\t\t\t\t<div class=\"elementor-widget-container\">\n\t\t\t\t\t\t\t\t\t<p>Dalle ore 8.00 alle 18.00 su prenotazione<\/p>\t\t\t\t\t\t\t\t<\/div>\n\t\t\t\t<\/div>\n\t\t\t\t\t<\/div>\n\t\t<\/div>\n\t\t\t\t<div class=\"elementor-column elementor-col-50 elementor-inner-column elementor-element elementor-element-7450ac6\" data-id=\"7450ac6\" data-element_type=\"column\">\n\t\t\t<div class=\"elementor-widget-wrap elementor-element-populated\">\n\t\t\t\t\t\t<div class=\"elementor-element elementor-element-7d60989 elementor-widget elementor-widget-heading\" data-id=\"7d60989\" data-element_type=\"widget\" data-widget_type=\"heading.default\">\n\t\t\t\t<div class=\"elementor-widget-container\">\n\t\t\t\t\t<h5 class=\"elementor-heading-title elementor-size-default\">MEHR INFO<\/h5>\t\t\t\t<\/div>\n\t\t\t\t<\/div>\n\t\t\t\t<div class=\"elementor-element elementor-element-09e2f83 elementor-widget elementor-widget-text-editor\" data-id=\"09e2f83\" data-element_type=\"widget\" data-widget_type=\"text-editor.default\">\n\t\t\t\t<div class=\"elementor-widget-container\">\n\t\t\t\t\t\t\t\t\t<p>Der Zugang zum Wellnessbereich ist exklusiv und nur mit Reservierung m\u00f6glich. Das SPA ist geb\u00fchrenpflichtig, der Fitnessraum ist im Aufenthalt inbegriffen.<\/p>\t\t\t\t\t\t\t\t<\/div>\n\t\t\t\t<\/div>\n\t\t\t\t\t<\/div>\n\t\t<\/div>\n\t\t\t\t\t<\/div>\n\t\t<\/section>\n\t\t\t\t\t<\/div>\n\t\t<\/div>\n\t\t\t\t\t<\/div>\n\t\t<\/section>\n\t\t\t\t<section class=\"elementor-section elementor-top-section elementor-element elementor-element-0280454 elementor-section-boxed elementor-section-gap-beside-yes elementor-section-height-default elementor-section-height-default elementor-section-column-vertical-align-stretch\" data-id=\"0280454\" data-element_type=\"section\">\n\t\t\t\t\t\t<div class=\"elementor-container elementor-column-gap-extended\">\n\t\t\t\t\t<div class=\"elementor-column elementor-col-100 elementor-top-column elementor-element elementor-element-4d55525\" data-id=\"4d55525\" data-element_type=\"column\">\n\t\t\t<div class=\"elementor-widget-wrap elementor-element-populated\">\n\t\t\t\t\t\t<div class=\"elementor-element elementor-element-9a308f4 nuss-animation-zoom-in elementor-widget elementor-widget-nuss-image-gallery\" data-id=\"9a308f4\" data-element_type=\"widget\" data-widget_type=\"nuss-image-gallery.default\">\n\t\t\t\t<div class=\"elementor-widget-container\">\n\t\t\t\t\t\t\t<div class=\"nuss-grid-wrapper nuss-grid-metro\" data-grid=\"{&quot;type&quot;:&quot;metro&quot;,&quot;ratio&quot;:0.6,&quot;columns&quot;:1,&quot;columnsTablet&quot;:1,&quot;gutter&quot;:30}\">\r\n\t\t\t<div class=\"nuss-grid lazy-grid\">\r\n\t\t\t\t<div class=\"grid-sizer\"><\/div>\r\n\r\n\t\t\t\t\t\t\t\t\t\t\t\t<div class=\"grid-item grid-item-height\" data-width=\"1\" data-height=\"1\">\r\n\t\t\t\t\t\t<div class=\"nuss-box\">\t\t<div class=\"nuss-image image\">\r\n\t\t\t<img decoding=\"async\"  src=\"https:\/\/www.sempioneboutiquehotel.it\/wp-content\/uploads\/2022\/06\/DSC_7290-83-scaled.jpg\" alt=\"DSC_7290-83\" \/>\t\t<\/div>\r\n\t\t\t\t<\/div>\t\t\t\t\t<\/div>\r\n\t\t\t\t\t\t\t\t\t<div class=\"grid-item grid-item-height\" data-width=\"1\" data-height=\"1\">\r\n\t\t\t\t\t\t<div class=\"nuss-box\">\t\t<div class=\"nuss-image image\">\r\n\t\t\t<img decoding=\"async\"  src=\"https:\/\/www.sempioneboutiquehotel.it\/wp-content\/uploads\/2022\/06\/DSC_7292-85-scaled.jpg\" alt=\"DSC_7292-85\" \/>\t\t<\/div>\r\n\t\t\t\t<\/div>\t\t\t\t\t<\/div>\r\n\t\t\t\t\t\t\t\t\t<div class=\"grid-item grid-item-height\" data-width=\"1\" data-height=\"1\">\r\n\t\t\t\t\t\t<div class=\"nuss-box\">\t\t<div class=\"nuss-image image\">\r\n\t\t\t<img decoding=\"async\"  src=\"https:\/\/www.sempioneboutiquehotel.it\/wp-content\/uploads\/2022\/06\/DSC_7287-80-scaled.jpg\" alt=\"DSC_7287-80\" \/>\t\t<\/div>\r\n\t\t\t\t<\/div>\t\t\t\t\t<\/div>\r\n\t\t\t\t\t\t\t\t\t<div class=\"grid-item grid-item-height\" data-width=\"1\" data-height=\"1\">\r\n\t\t\t\t\t\t<div class=\"nuss-box\">\t\t<div class=\"nuss-image image\">\r\n\t\t\t<img decoding=\"async\"  src=\"https:\/\/www.sempioneboutiquehotel.it\/wp-content\/uploads\/2022\/06\/DSC_7281-75-scaled.jpg\" alt=\"DSC_7281-75\" \/>\t\t<\/div>\r\n\t\t\t\t<\/div>\t\t\t\t\t<\/div>\r\n\t\t\t\t\t\t\t\t\t<div class=\"grid-item grid-item-height\" data-width=\"1\" data-height=\"1\">\r\n\t\t\t\t\t\t<div class=\"nuss-box\">\t\t<div class=\"nuss-image image\">\r\n\t\t\t<img decoding=\"async\"  src=\"https:\/\/www.sempioneboutiquehotel.it\/wp-content\/uploads\/2022\/06\/DSC_7288-81-scaled.jpg\" alt=\"DSC_7288-81\" \/>\t\t<\/div>\r\n\t\t\t\t<\/div>\t\t\t\t\t<\/div>\r\n\t\t\t\t\t\t\t\t\t<div class=\"grid-item grid-item-height\" data-width=\"1\" data-height=\"1\">\r\n\t\t\t\t\t\t<div class=\"nuss-box\">\t\t<div class=\"nuss-image image\">\r\n\t\t\t<img decoding=\"async\"  src=\"https:\/\/www.sempioneboutiquehotel.it\/wp-content\/uploads\/2022\/06\/DSC_7280-74-scaled.jpg\" alt=\"DSC_7280-74\" \/>\t\t<\/div>\r\n\t\t\t\t<\/div>\t\t\t\t\t<\/div>\r\n\t\t\t\t\t\t\t\t\t<div class=\"grid-item grid-item-height\" data-width=\"1\" data-height=\"1\">\r\n\t\t\t\t\t\t<div class=\"nuss-box\">\t\t<div class=\"nuss-image image\">\r\n\t\t\t<img decoding=\"async\"  src=\"https:\/\/www.sempioneboutiquehotel.it\/wp-content\/uploads\/2022\/06\/DSC_7270-70-scaled.jpg\" alt=\"DSC_7270-70\" \/>\t\t<\/div>\r\n\t\t\t\t<\/div>\t\t\t\t\t<\/div>\r\n\t\t\t\t\t\t\t\t\t<div class=\"grid-item grid-item-height\" data-width=\"1\" data-height=\"1\">\r\n\t\t\t\t\t\t<div class=\"nuss-box\">\t\t<div class=\"nuss-image image\">\r\n\t\t\t<img decoding=\"async\"  src=\"https:\/\/www.sempioneboutiquehotel.it\/wp-content\/uploads\/2022\/06\/DSC_7261-61-scaled.jpg\" alt=\"DSC_7261-61\" \/>\t\t<\/div>\r\n\t\t\t\t<\/div>\t\t\t\t\t<\/div>\r\n\t\t\t\t\t\t\t\t\t\t\r\n\t\t\t<\/div>\r\n\t\t<\/div>\r\n\t\t\t\t\t\t<\/div>\n\t\t\t\t<\/div>\n\t\t\t\t\t<\/div>\n\t\t<\/div>\n\t\t\t\t\t<\/div>\n\t\t<\/section>\n\t\t\t\t<\/div>","protected":false},"excerpt":{"rendered":"<p>PRENDERSI CURA DEL PROPRIO CORPO. UNA DIMOSTRAZIONE D&#8217;AMORE A SE STESSI. Prendersi cura del proprio corpo \u00e8 tra le pi\u00f9 grandi dimostrazioni d\u2019amore che possiamo fare a noi stessi. Conoscersi e migliorarsi, all\u2019interno e all\u2019esterno, \u00e8 forse l\u2019elisir di pace e felicit\u00e0 pi\u00f9 efficace: tempio dell\u2019essere da venerare e arricchire di buone pratiche. Anche in [&hellip;]<\/p>","protected":false},"author":1,"featured_media":0,"parent":0,"menu_order":0,"comment_status":"closed","ping_status":"closed","template":"","meta":{"footnotes":""},"class_list":["post-6490","page","type-page","status-publish","hentry","post-no-thumbnail"],"yoast_head":"<!-- This site is optimized with the Yoast SEO plugin v25.3 - https:\/\/yoast.com\/wordpress\/plugins\/seo\/ -->\n<title>Una SPA con Palestra in centro a Stresa | Boutique Hotel Sempione Stresa<\/title>\n<meta name=\"description\" content=\"All&#039;interno dell&#039;Hotel Sempione, a Stresa, potrai trovare una palestra marchiata TechnoGym ed una SPA Jacuzi, ad uso esclusivo dei clienti.\" \/>\n<meta name=\"robots\" content=\"index, follow, max-snippet:-1, max-image-preview:large, max-video-preview:-1\" \/>\n<link rel=\"canonical\" href=\"https:\/\/www.sempioneboutiquehotel.it\/de\/gym-wellness-spa-stresa\/\" \/>\n<meta property=\"og:locale\" content=\"de_DE\" \/>\n<meta property=\"og:type\" content=\"article\" \/>\n<meta property=\"og:title\" content=\"Una SPA con Palestra in centro a Stresa | Boutique Hotel Sempione Stresa\" \/>\n<meta property=\"og:description\" content=\"All&#039;interno dell&#039;Hotel Sempione, a Stresa, potrai trovare una palestra marchiata TechnoGym ed una SPA Jacuzi, ad uso esclusivo dei clienti.\" \/>\n<meta property=\"og:url\" content=\"https:\/\/www.sempioneboutiquehotel.it\/de\/gym-wellness-spa-stresa\/\" \/>\n<meta property=\"og:site_name\" content=\"Hotel Sempione Stresa | Boutique Hotel sul Lago Maggiore\" \/>\n<meta property=\"article:publisher\" content=\"https:\/\/m.facebook.com\/sempioneboutiquehotel\/\" \/>\n<meta property=\"article:modified_time\" content=\"2024-10-09T10:22:48+00:00\" \/>\n<meta property=\"og:image\" content=\"https:\/\/www.sempioneboutiquehotel.it\/wp-content\/uploads\/2022\/06\/DSC_7290-83-scaled.jpg\" \/>\n<meta name=\"twitter:card\" content=\"summary_large_image\" \/>\n<meta name=\"twitter:label1\" content=\"Gesch\u00e4tzte Lesezeit\" \/>\n\t<meta name=\"twitter:data1\" content=\"3\u00a0Minuten\" \/>\n<script type=\"application\/ld+json\" class=\"yoast-schema-graph\">{\"@context\":\"https:\/\/schema.org\",\"@graph\":[{\"@type\":\"WebPage\",\"@id\":\"https:\/\/www.sempioneboutiquehotel.it\/gym-wellness-spa-stresa\/\",\"url\":\"https:\/\/www.sempioneboutiquehotel.it\/gym-wellness-spa-stresa\/\",\"name\":\"Una SPA con Palestra in centro a Stresa | Boutique Hotel Sempione Stresa\",\"isPartOf\":{\"@id\":\"https:\/\/www.sempioneboutiquehotel.it\/#website\"},\"primaryImageOfPage\":{\"@id\":\"https:\/\/www.sempioneboutiquehotel.it\/gym-wellness-spa-stresa\/#primaryimage\"},\"image\":{\"@id\":\"https:\/\/www.sempioneboutiquehotel.it\/gym-wellness-spa-stresa\/#primaryimage\"},\"thumbnailUrl\":\"https:\/\/www.sempioneboutiquehotel.it\/wp-content\/uploads\/2022\/06\/DSC_7290-83-scaled.jpg\",\"datePublished\":\"2022-06-13T14:59:45+00:00\",\"dateModified\":\"2024-10-09T10:22:48+00:00\",\"description\":\"All'interno dell'Hotel Sempione, a Stresa, potrai trovare una palestra marchiata TechnoGym ed una SPA Jacuzi, ad uso esclusivo dei clienti.\",\"breadcrumb\":{\"@id\":\"https:\/\/www.sempioneboutiquehotel.it\/gym-wellness-spa-stresa\/#breadcrumb\"},\"inLanguage\":\"de\",\"potentialAction\":[{\"@type\":\"ReadAction\",\"target\":[\"https:\/\/www.sempioneboutiquehotel.it\/gym-wellness-spa-stresa\/\"]}]},{\"@type\":\"ImageObject\",\"inLanguage\":\"de\",\"@id\":\"https:\/\/www.sempioneboutiquehotel.it\/gym-wellness-spa-stresa\/#primaryimage\",\"url\":\"https:\/\/www.sempioneboutiquehotel.it\/wp-content\/uploads\/2022\/06\/DSC_7290-83-scaled.jpg\",\"contentUrl\":\"https:\/\/www.sempioneboutiquehotel.it\/wp-content\/uploads\/2022\/06\/DSC_7290-83-scaled.jpg\"},{\"@type\":\"BreadcrumbList\",\"@id\":\"https:\/\/www.sempioneboutiquehotel.it\/gym-wellness-spa-stresa\/#breadcrumb\",\"itemListElement\":[{\"@type\":\"ListItem\",\"position\":1,\"name\":\"Home\",\"item\":\"https:\/\/www.sempioneboutiquehotel.it\/\"},{\"@type\":\"ListItem\",\"position\":2,\"name\":\"Gym &#038; Wellness Area\"}]},{\"@type\":\"WebSite\",\"@id\":\"https:\/\/www.sempioneboutiquehotel.it\/#website\",\"url\":\"https:\/\/www.sempioneboutiquehotel.it\/\",\"name\":\"Hotel Sempione Stresa | Boutique Hotel sul Lago Maggiore\",\"description\":\"\",\"publisher\":{\"@id\":\"https:\/\/www.sempioneboutiquehotel.it\/#organization\"},\"potentialAction\":[{\"@type\":\"SearchAction\",\"target\":{\"@type\":\"EntryPoint\",\"urlTemplate\":\"https:\/\/www.sempioneboutiquehotel.it\/?s={search_term_string}\"},\"query-input\":{\"@type\":\"PropertyValueSpecification\",\"valueRequired\":true,\"valueName\":\"search_term_string\"}}],\"inLanguage\":\"de\"},{\"@type\":\"Organization\",\"@id\":\"https:\/\/www.sempioneboutiquehotel.it\/#organization\",\"name\":\"Boutique Hotel Sempione\",\"url\":\"https:\/\/www.sempioneboutiquehotel.it\/\",\"logo\":{\"@type\":\"ImageObject\",\"inLanguage\":\"de\",\"@id\":\"https:\/\/www.sempioneboutiquehotel.it\/#\/schema\/logo\/image\/\",\"url\":\"https:\/\/www.sempioneboutiquehotel.it\/wp-content\/uploads\/2022\/03\/Sempione-logopng.png\",\"contentUrl\":\"https:\/\/www.sempioneboutiquehotel.it\/wp-content\/uploads\/2022\/03\/Sempione-logopng.png\",\"width\":1500,\"height\":1500,\"caption\":\"Boutique Hotel Sempione\"},\"image\":{\"@id\":\"https:\/\/www.sempioneboutiquehotel.it\/#\/schema\/logo\/image\/\"},\"sameAs\":[\"https:\/\/m.facebook.com\/sempioneboutiquehotel\/\",\"https:\/\/instagram.com\/sempione.boutique.hotel\"]}]}<\/script>\n<!-- \/ Yoast SEO plugin. -->","yoast_head_json":{"title":"Una SPA con Palestra in centro a Stresa | Boutique Hotel Sempione Stresa","description":"All'interno dell'Hotel Sempione, a Stresa, potrai trovare una palestra marchiata TechnoGym ed una SPA Jacuzi, ad uso esclusivo dei clienti.","robots":{"index":"index","follow":"follow","max-snippet":"max-snippet:-1","max-image-preview":"max-image-preview:large","max-video-preview":"max-video-preview:-1"},"canonical":"https:\/\/www.sempioneboutiquehotel.it\/de\/gym-wellness-spa-stresa\/","og_locale":"de_DE","og_type":"article","og_title":"Una SPA con Palestra in centro a Stresa | Boutique Hotel Sempione Stresa","og_description":"All'interno dell'Hotel Sempione, a Stresa, potrai trovare una palestra marchiata TechnoGym ed una SPA Jacuzi, ad uso esclusivo dei clienti.","og_url":"https:\/\/www.sempioneboutiquehotel.it\/de\/gym-wellness-spa-stresa\/","og_site_name":"Hotel Sempione Stresa | Boutique Hotel sul Lago Maggiore","article_publisher":"https:\/\/m.facebook.com\/sempioneboutiquehotel\/","article_modified_time":"2024-10-09T10:22:48+00:00","og_image":[{"url":"https:\/\/www.sempioneboutiquehotel.it\/wp-content\/uploads\/2022\/06\/DSC_7290-83-scaled.jpg","type":"","width":"","height":""}],"twitter_card":"summary_large_image","twitter_misc":{"Gesch\u00e4tzte Lesezeit":"3\u00a0Minuten"},"schema":{"@context":"https:\/\/schema.org","@graph":[{"@type":"WebPage","@id":"https:\/\/www.sempioneboutiquehotel.it\/gym-wellness-spa-stresa\/","url":"https:\/\/www.sempioneboutiquehotel.it\/gym-wellness-spa-stresa\/","name":"Una SPA con Palestra in centro a Stresa | Boutique Hotel Sempione Stresa","isPartOf":{"@id":"https:\/\/www.sempioneboutiquehotel.it\/#website"},"primaryImageOfPage":{"@id":"https:\/\/www.sempioneboutiquehotel.it\/gym-wellness-spa-stresa\/#primaryimage"},"image":{"@id":"https:\/\/www.sempioneboutiquehotel.it\/gym-wellness-spa-stresa\/#primaryimage"},"thumbnailUrl":"https:\/\/www.sempioneboutiquehotel.it\/wp-content\/uploads\/2022\/06\/DSC_7290-83-scaled.jpg","datePublished":"2022-06-13T14:59:45+00:00","dateModified":"2024-10-09T10:22:48+00:00","description":"All'interno dell'Hotel Sempione, a Stresa, potrai trovare una palestra marchiata TechnoGym ed una SPA Jacuzi, ad uso esclusivo dei clienti.","breadcrumb":{"@id":"https:\/\/www.sempioneboutiquehotel.it\/gym-wellness-spa-stresa\/#breadcrumb"},"inLanguage":"de","potentialAction":[{"@type":"ReadAction","target":["https:\/\/www.sempioneboutiquehotel.it\/gym-wellness-spa-stresa\/"]}]},{"@type":"ImageObject","inLanguage":"de","@id":"https:\/\/www.sempioneboutiquehotel.it\/gym-wellness-spa-stresa\/#primaryimage","url":"https:\/\/www.sempioneboutiquehotel.it\/wp-content\/uploads\/2022\/06\/DSC_7290-83-scaled.jpg","contentUrl":"https:\/\/www.sempioneboutiquehotel.it\/wp-content\/uploads\/2022\/06\/DSC_7290-83-scaled.jpg"},{"@type":"BreadcrumbList","@id":"https:\/\/www.sempioneboutiquehotel.it\/gym-wellness-spa-stresa\/#breadcrumb","itemListElement":[{"@type":"ListItem","position":1,"name":"Home","item":"https:\/\/www.sempioneboutiquehotel.it\/"},{"@type":"ListItem","position":2,"name":"Gym &#038; Wellness Area"}]},{"@type":"WebSite","@id":"https:\/\/www.sempioneboutiquehotel.it\/#website","url":"https:\/\/www.sempioneboutiquehotel.it\/","name":"Hotel Sempione Stresa | Boutique Hotel sul Lago Maggiore","description":"","publisher":{"@id":"https:\/\/www.sempioneboutiquehotel.it\/#organization"},"potentialAction":[{"@type":"SearchAction","target":{"@type":"EntryPoint","urlTemplate":"https:\/\/www.sempioneboutiquehotel.it\/?s={search_term_string}"},"query-input":{"@type":"PropertyValueSpecification","valueRequired":true,"valueName":"search_term_string"}}],"inLanguage":"de"},{"@type":"Organization","@id":"https:\/\/www.sempioneboutiquehotel.it\/#organization","name":"Boutique Hotel Sempione","url":"https:\/\/www.sempioneboutiquehotel.it\/","logo":{"@type":"ImageObject","inLanguage":"de","@id":"https:\/\/www.sempioneboutiquehotel.it\/#\/schema\/logo\/image\/","url":"https:\/\/www.sempioneboutiquehotel.it\/wp-content\/uploads\/2022\/03\/Sempione-logopng.png","contentUrl":"https:\/\/www.sempioneboutiquehotel.it\/wp-content\/uploads\/2022\/03\/Sempione-logopng.png","width":1500,"height":1500,"caption":"Boutique Hotel Sempione"},"image":{"@id":"https:\/\/www.sempioneboutiquehotel.it\/#\/schema\/logo\/image\/"},"sameAs":["https:\/\/m.facebook.com\/sempioneboutiquehotel\/","https:\/\/instagram.com\/sempione.boutique.hotel"]}]}},"_links":{"self":[{"href":"https:\/\/www.sempioneboutiquehotel.it\/de\/wp-json\/wp\/v2\/pages\/6490","targetHints":{"allow":["GET"]}}],"collection":[{"href":"https:\/\/www.sempioneboutiquehotel.it\/de\/wp-json\/wp\/v2\/pages"}],"about":[{"href":"https:\/\/www.sempioneboutiquehotel.it\/de\/wp-json\/wp\/v2\/types\/page"}],"author":[{"embeddable":true,"href":"https:\/\/www.sempioneboutiquehotel.it\/de\/wp-json\/wp\/v2\/users\/1"}],"replies":[{"embeddable":true,"href":"https:\/\/www.sempioneboutiquehotel.it\/de\/wp-json\/wp\/v2\/comments?post=6490"}],"version-history":[{"count":13,"href":"https:\/\/www.sempioneboutiquehotel.it\/de\/wp-json\/wp\/v2\/pages\/6490\/revisions"}],"predecessor-version":[{"id":7460,"href":"https:\/\/www.sempioneboutiquehotel.it\/de\/wp-json\/wp\/v2\/pages\/6490\/revisions\/7460"}],"wp:attachment":[{"href":"https:\/\/www.sempioneboutiquehotel.it\/de\/wp-json\/wp\/v2\/media?parent=6490"}],"curies":[{"name":"wp","href":"https:\/\/api.w.org\/{rel}","templated":true}]}}